{"id":752,"date":"2025-03-25T13:04:49","date_gmt":"2025-03-25T13:04:49","guid":{"rendered":"https:\/\/discoverpolish.eu\/?page_id=752"},"modified":"2025-03-25T17:53:48","modified_gmt":"2025-03-25T17:53:48","slug":"formularz-dla-uczniow","status":"publish","type":"page","link":"https:\/\/discoverpolish.eu\/index.php\/formularz-dla-uczniow\/","title":{"rendered":"Formularz dla uczni\u00f3w"},"content":{"rendered":"\t\t<div data-elementor-type=\"wp-page\" data-elementor-id=\"752\" class=\"elementor elementor-752\">\n\t\t\t\t<div class=\"elementor-element elementor-element-b706dd9 e-flex e-con-boxed e-con e-parent\" data-id=\"b706dd9\" data-element_type=\"container\">\n\t\t\t\t\t<div class=\"e-con-inner\">\n\t\t<div class=\"elementor-element elementor-element-466b5f7 e-con-full e-flex e-con e-child\" data-id=\"466b5f7\" data-element_type=\"container\">\n\t\t\t\t<div class=\"elementor-element elementor-element-28df678 elementor-widget__width-initial elementor-widget elementor-widget-heading\" data-id=\"28df678\" data-element_type=\"widget\" data-widget_type=\"heading.default\">\n\t\t\t\t<div class=\"elementor-widget-container\">\n\t\t\t<style>\/*! elementor - v3.23.0 - 15-07-2024 *\/\n.elementor-heading-title{padding:0;margin:0;line-height:1}.elementor-widget-heading .elementor-heading-title[class*=elementor-size-]>a{color:inherit;font-size:inherit;line-height:inherit}.elementor-widget-heading .elementor-heading-title.elementor-size-small{font-size:15px}.elementor-widget-heading .elementor-heading-title.elementor-size-medium{font-size:19px}.elementor-widget-heading .elementor-heading-title.elementor-size-large{font-size:29px}.elementor-widget-heading .elementor-heading-title.elementor-size-xl{font-size:39px}.elementor-widget-heading .elementor-heading-title.elementor-size-xxl{font-size:59px}<\/style><h3 class=\"elementor-heading-title elementor-size-default\">Formularz zg\u0142oszeniowy dla uczni\u00f3w i student\u00f3w<\/h3>\t\t<\/div>\n\t\t\t\t<\/div>\n\t\t\t\t<\/div>\n\t\t<div class=\"elementor-element elementor-element-4c58920 e-con-full e-flex e-con e-child\" data-id=\"4c58920\" data-element_type=\"container\">\n\t\t\t\t<div class=\"elementor-element elementor-element-bcc1c32 elementor-widget__width-initial elementor-widget elementor-widget-text-editor\" data-id=\"bcc1c32\" data-element_type=\"widget\" data-widget_type=\"text-editor.default\">\n\t\t\t\t<div class=\"elementor-widget-container\">\n\t\t\t<style>\/*! elementor - v3.23.0 - 15-07-2024 *\/\n.elementor-widget-text-editor.elementor-drop-cap-view-stacked .elementor-drop-cap{background-color:#69727d;color:#fff}.elementor-widget-text-editor.elementor-drop-cap-view-framed .elementor-drop-cap{color:#69727d;border:3px solid;background-color:transparent}.elementor-widget-text-editor:not(.elementor-drop-cap-view-default) .elementor-drop-cap{margin-top:8px}.elementor-widget-text-editor:not(.elementor-drop-cap-view-default) .elementor-drop-cap-letter{width:1em;height:1em}.elementor-widget-text-editor .elementor-drop-cap{float:left;text-align:center;line-height:1;font-size:50px}.elementor-widget-text-editor .elementor-drop-cap-letter{display:inline-block}<\/style>\t\t\t\t<p>Wy\u015blij zapytanie o kurs, wype\u0142nij formularz. Skontaktujemy si\u0119 ze szczeg\u00f3\u0142ami najszybciej jak mo\u017cemy.<\/p>\t\t\t\t\t\t<\/div>\n\t\t\t\t<\/div>\n\t\t\t\t<\/div>\n\t\t\t\t\t<\/div>\n\t\t\t\t<\/div>\n\t\t<div class=\"elementor-element elementor-element-932d169 e-flex e-con-boxed e-con e-parent\" data-id=\"932d169\" data-element_type=\"container\">\n\t\t\t\t\t<div class=\"e-con-inner\">\n\t\t\t\t<div class=\"elementor-element elementor-element-3abc579 elementor-widget elementor-widget-formidable\" data-id=\"3abc579\" data-element_type=\"widget\" data-widget_type=\"formidable.default\">\n\t\t\t\t<div class=\"elementor-widget-container\">\n\t\t\t<div class=\"frm_forms  with_frm_style frm_style_formidable-style\" id=\"frm_form_2_container\" data-token=\"f18299fd7910ef80b27a4edddea2118a\">\n<form enctype=\"multipart\/form-data\" method=\"post\" class=\"frm-show-form \" id=\"form_rodzaj-kursu\" data-token=\"f18299fd7910ef80b27a4edddea2118a\">\n<div class=\"frm_form_fields \">\n<fieldset>\n<legend class=\"frm_screen_reader\">rodzaj kursu<\/legend>\r\n\r\n<div class=\"frm_fields_container\">\n<input type=\"hidden\" name=\"frm_action\" value=\"create\" \/>\n<input type=\"hidden\" name=\"form_id\" value=\"2\" \/>\n<input type=\"hidden\" name=\"frm_hide_fields_2\" id=\"frm_hide_fields_2\" value=\"\" \/>\n<input type=\"hidden\" name=\"form_key\" value=\"rodzaj-kursu\" \/>\n<input type=\"hidden\" name=\"item_meta[0]\" value=\"\" \/>\n<input type=\"hidden\" id=\"frm_submit_entry_2\" name=\"frm_submit_entry_2\" value=\"617dc9a29c\" \/><input type=\"hidden\" name=\"_wp_http_referer\" value=\"\/index.php\/wp-json\/wp\/v2\/pages\/752\" \/><div id=\"frm_field_9_container\" class=\"frm_form_field form-field  frm_required_field frm_top_container\">\r\n\t<div  id=\"field_7b1oy_label\" class=\"frm_primary_label\">Podstawowe dane\r\n\t\t<span class=\"frm_required\" aria-hidden=\"true\">*<\/span>\r\n\t<\/div>\r\n\t<fieldset aria-labelledby=\"field_7b1oy_label\">\n\t<legend class=\"frm_screen_reader frm_hidden\">\n\t\tPodstawowe dane\t<\/legend>\n\n\t<div  class=\"frm_combo_inputs_container\" id=\"frm_combo_inputs_container_9\" data-name-layout=\"first_last\">\n\t\t\t\t\t<div\n\t\t\t\tid=\"frm_field_9-first_container\"\n\t\t\t\tclass=\"frm_form_field form-field frm_form_subfield-first  frm6\"\n\t\t\t\tdata-sub-field-name=\"first\"\n\t\t\t>\n\t\t\t\t<label for=\"field_7b1oy_first\" class=\"frm_screen_reader frm_hidden\">\n\t\t\t\t\tFirst Name\t\t\t\t<\/label>\n\n\t\t\t\t<input  type=\"text\" id=\"field_7b1oy_first\" value=\"\" name=\"item_meta[9][first]\" autocomplete=\"given-name\" placeholder=\"Imi\u0119\" data-reqmsg=\"Podstawowe dane cannot be blank.\" aria-required=\"true\" data-invmsg=\"Podstawowe dane jest nieprawid\u0142owe\" aria-invalid=\"false\"  \/><div class=\"frm_description\" id=\"frm_field_9_first_desc\">First Name<\/div>\t\t\t<\/div>\n\t\t\t\t\t\t<div\n\t\t\t\tid=\"frm_field_9-last_container\"\n\t\t\t\tclass=\"frm_form_field form-field frm_form_subfield-last  frm6\"\n\t\t\t\tdata-sub-field-name=\"last\"\n\t\t\t>\n\t\t\t\t<label for=\"field_7b1oy_last\" class=\"frm_screen_reader frm_hidden\">\n\t\t\t\t\tLast Name\t\t\t\t<\/label>\n\n\t\t\t\t<input  type=\"text\" id=\"field_7b1oy_last\" value=\"\" name=\"item_meta[9][last]\" autocomplete=\"family-name\" placeholder=\"Nazwisko\" data-reqmsg=\"Podstawowe dane cannot be blank.\" aria-required=\"true\" data-invmsg=\"Podstawowe dane jest nieprawid\u0142owe\" aria-invalid=\"false\"  \/><div class=\"frm_description\" id=\"frm_field_9_last_desc\">Last Name<\/div>\t\t\t<\/div>\n\t\t\t\t<\/div>\n<\/fieldset>\n\r\n\t\r\n\t\r\n<\/div>\n<div id=\"frm_field_12_container\" class=\"frm_form_field form-field  frm_required_field frm_top_container\">\r\n\t<label for=\"field_1ff66\" id=\"field_1ff66_label\" class=\"frm_primary_label\">Email\r\n\t\t<span class=\"frm_required\" aria-hidden=\"true\">*<\/span>\r\n\t<\/label>\r\n\t<input type=\"email\" id=\"field_1ff66\" name=\"item_meta[12]\" value=\"\"  data-reqmsg=\"Email cannot be blank.\" aria-required=\"true\" data-invmsg=\"Email is invalid\" aria-invalid=\"false\"  \/>\r\n\t\r\n\t\r\n<\/div>\n<div id=\"frm_field_14_container\" class=\"frm_form_field form-field  frm_top_container\">\r\n\t<label for=\"field_9v3r1\" id=\"field_9v3r1_label\" class=\"frm_primary_label\">Numer telefonu\r\n\t\t<span class=\"frm_required\" aria-hidden=\"true\"><\/span>\r\n\t<\/label>\r\n\t<input type=\"tel\" id=\"field_9v3r1\" name=\"item_meta[14]\" value=\"\"  data-invmsg=\"Numer telefonu is invalid\" aria-invalid=\"false\" pattern=\"((\\+\\d{1,3}(-|.| )?\\(?\\d\\)?(-| |.)?\\d{1,5})|(\\(?\\d{2,6}\\)?))(-|.| )?(\\d{3,4})(-|.| )?(\\d{4})(( x| ext)\\d{1,5}){0,1}$\"  \/>\r\n\t\r\n\t\r\n<\/div>\n<div id=\"frm_field_10_container\" class=\"frm_form_field form-field  frm_required_field frm_top_container\">\r\n\t<label for=\"field_qac8k\" id=\"field_qac8k_label\" class=\"frm_primary_label\">Wybierz j\u0119zyk\r\n\t\t<span class=\"frm_required\" aria-hidden=\"true\">*<\/span>\r\n\t<\/label>\r\n\t\t\t<select name=\"item_meta[10]\" id=\"field_qac8k\"  data-reqmsg=\"Wybierz j\u0119zyk cannot be blank.\" aria-required=\"true\" data-invmsg=\"Wybierz j\u0119zyk jest nieprawid\u0142owe\" aria-invalid=\"false\"  >\n\t\t<option  value=\"angielski \ud83c\uddec\ud83c\udde7\">angielski \ud83c\uddec\ud83c\udde7<\/option><option  value=\"polski \ud83c\uddf5\ud83c\uddf1\">polski \ud83c\uddf5\ud83c\uddf1<\/option><option  value=\"niemiecki \ud83c\udde9\ud83c\uddea\">niemiecki \ud83c\udde9\ud83c\uddea<\/option><option  value=\"niderlandzki \ud83c\uddf3\ud83c\uddf1\">niderlandzki \ud83c\uddf3\ud83c\uddf1<\/option><option  value=\"w\u0142oski \ud83c\uddee\ud83c\uddf9\">w\u0142oski \ud83c\uddee\ud83c\uddf9<\/option><option  value=\"francuski \ud83c\uddeb\ud83c\uddf7\">francuski \ud83c\uddeb\ud83c\uddf7<\/option><option  value=\"arabski\">arabski<\/option><option  value=\"czeski \ud83c\udde8\ud83c\uddff\">czeski \ud83c\udde8\ud83c\uddff<\/option><option  value=\"rosyjski\">rosyjski<\/option>\t<\/select>\n\t\r\n\t\r\n\t\r\n<\/div>\n<div id=\"frm_field_11_container\" class=\"frm_form_field form-field  frm_required_field frm_top_container\">\r\n\t<label for=\"field_tg6z9\" id=\"field_tg6z9_label\" class=\"frm_primary_label\">Rodzaj kursu\r\n\t\t<span class=\"frm_required\" aria-hidden=\"true\">*<\/span>\r\n\t<\/label>\r\n\t\t\t<select name=\"item_meta[11]\" id=\"field_tg6z9\"  data-reqmsg=\"Rodzaj kursu cannot be blank.\" aria-required=\"true\" data-invmsg=\"Rodzaj kursu jest nieprawid\u0142owe\" aria-invalid=\"false\"  >\n\t\t<option  value=\"dzienny\">dzienny<\/option><option  value=\"godzinowy (stacjonarnie)\">godzinowy (stacjonarnie)<\/option><option  value=\"godzinowy (zdalnie)\">godzinowy (zdalnie)<\/option>\t<\/select>\n\t\r\n\t\r\n\t\r\n<\/div>\n<div id=\"frm_field_16_container\" class=\"frm_form_field form-field  frm_top_container\">\r\n\t<label for=\"field_h0tdl\" id=\"field_h0tdl_label\" class=\"frm_primary_label\">Twoja wiadomo\u015b\u0107\r\n\t\t<span class=\"frm_required\" aria-hidden=\"true\"><\/span>\r\n\t<\/label>\r\n\t<input type=\"text\" id=\"field_h0tdl\" name=\"item_meta[16]\" value=\"\"  maxlength=\"1000\" data-invmsg=\"Twoja wiadomo\u015b\u0107 is invalid\" aria-invalid=\"false\"   aria-describedby=\"frm_desc_field_h0tdl\"\/>\r\n\t<div class=\"frm_description\" id=\"frm_desc_field_h0tdl\">Zapytaj o co chcesz!<\/div>\r\n\t\r\n<\/div>\n<div id=\"frm_field_7_container\" class=\"frm_form_field form-field \">\r\n\t<div class=\"frm_submit frm_flex\">\r\n<button class=\"frm_button_submit\" type=\"submit\"  >Wy\u015blij<\/button>\r\n\r\n\r\n\r\n<\/div>\r\n<\/div>\n\t<input type=\"hidden\" name=\"item_key\" value=\"\" \/>\n\t\t\t<div id=\"frm_field_17_container\">\n\t\t\t<label for=\"field_1ogh6\" >\n\t\t\t\tJe\u017celi jeste\u015b cz\u0142owiekiem, zostaw to pole puste.\t\t\t<\/label>\n\t\t\t<input  id=\"field_1ogh6\" type=\"text\" class=\"frm_form_field form-field frm_verify\" name=\"item_meta[17]\" value=\"\"  \/>\n\t\t<\/div>\n\t\t<input name=\"frm_state\" type=\"hidden\" value=\"s3wjkTitOeHgAfSWPiT+2X1MvQNzURXUV\/sAKjJiPVc=\" \/><\/div>\n<\/fieldset>\n<\/div>\n\n<\/form>\n<\/div>\n\t\t<\/div>\n\t\t\t\t<\/div>\n\t\t\t\t\t<\/div>\n\t\t\t\t<\/div>\n\t\t\t\t<\/div>\n\t\t","protected":false},"excerpt":{"rendered":"<p>Formularz zg\u0142oszeniowy dla uczni\u00f3w i student\u00f3w Wy\u015blij zapytanie o kurs, wype\u0142nij formularz. Skontaktujemy si\u0119 ze szczeg\u00f3\u0142ami najszybciej jak mo\u017cemy. rodzaj kursu Podstawowe dane * Podstawowe dane First Name First Name Last Name Last Name Email * podaj numer telefonu Wybierz j\u0119zyk * angielski \ud83c\uddec\ud83c\udde7polski \ud83c\uddf5\ud83c\uddf1niemiecki \ud83c\udde9\ud83c\uddeaniderlandzki \ud83c\uddf3\ud83c\uddf1w\u0142oski \ud83c\uddee\ud83c\uddf9francuski \ud83c\uddeb\ud83c\uddf7arabskiczeski \ud83c\udde8\ud83c\uddffrosyjski Rodzaj kursu * dziennygodzinowy (stacjonarnie)godzinowy<\/p>\n","protected":false},"author":1,"featured_media":0,"parent":0,"menu_order":0,"comment_status":"closed","ping_status":"closed","template":"","meta":{"inline_featured_image":false,"footnotes":""},"yoast_head":"<!-- This site is optimized with the Yoast SEO plugin v23.8 - https:\/\/yoast.com\/wordpress\/plugins\/seo\/ -->\n<title>Formularz dla uczni\u00f3w - DiscoverPolish<\/title>\n<meta name=\"robots\" content=\"index, follow, max-snippet:-1, max-image-preview:large, max-video-preview:-1\" \/>\n<link rel=\"canonical\" href=\"https:\/\/discoverpolish.eu\/index.php\/formularz-dla-uczniow\/\" \/>\n<meta property=\"og:locale\" content=\"pl_PL\" \/>\n<meta property=\"og:type\" content=\"article\" \/>\n<meta property=\"og:title\" content=\"Formularz dla uczni\u00f3w - DiscoverPolish\" \/>\n<meta property=\"og:description\" content=\"Formularz zg\u0142oszeniowy dla uczni\u00f3w i student\u00f3w Wy\u015blij zapytanie o kurs, wype\u0142nij formularz. Skontaktujemy si\u0119 ze szczeg\u00f3\u0142ami najszybciej jak mo\u017cemy. rodzaj kursu Podstawowe dane * Podstawowe dane First Name First Name Last Name Last Name Email * podaj numer telefonu Wybierz j\u0119zyk * angielski \ud83c\uddec\ud83c\udde7polski \ud83c\uddf5\ud83c\uddf1niemiecki \ud83c\udde9\ud83c\uddeaniderlandzki \ud83c\uddf3\ud83c\uddf1w\u0142oski \ud83c\uddee\ud83c\uddf9francuski \ud83c\uddeb\ud83c\uddf7arabskiczeski \ud83c\udde8\ud83c\uddffrosyjski Rodzaj kursu * dziennygodzinowy (stacjonarnie)godzinowy\" \/>\n<meta property=\"og:url\" content=\"https:\/\/discoverpolish.eu\/index.php\/formularz-dla-uczniow\/\" \/>\n<meta property=\"og:site_name\" content=\"DiscoverPolish\" \/>\n<meta property=\"article:publisher\" content=\"https:\/\/www.facebook.com\/profile.php?id=61562240943592\" \/>\n<meta property=\"article:modified_time\" content=\"2025-03-25T17:53:48+00:00\" \/>\n<meta property=\"og:image\" content=\"https:\/\/discoverpolish.eu\/wp-content\/uploads\/2024\/07\/o-nas-1.png\" \/>\n\t<meta property=\"og:image:width\" content=\"800\" \/>\n\t<meta property=\"og:image:height\" content=\"600\" \/>\n\t<meta property=\"og:image:type\" content=\"image\/png\" \/>\n<meta name=\"twitter:card\" content=\"summary_large_image\" \/>\n<meta name=\"twitter:site\" content=\"@Discoverpolish\" \/>\n<meta name=\"twitter:label1\" content=\"Szacowany czas czytania\" \/>\n\t<meta name=\"twitter:data1\" content=\"1 minuta\" \/>\n<script type=\"application\/ld+json\" class=\"yoast-schema-graph\">{\"@context\":\"https:\/\/schema.org\",\"@graph\":[{\"@type\":\"WebPage\",\"@id\":\"https:\/\/discoverpolish.eu\/index.php\/formularz-dla-uczniow\/\",\"url\":\"https:\/\/discoverpolish.eu\/index.php\/formularz-dla-uczniow\/\",\"name\":\"Formularz dla uczni\u00f3w - DiscoverPolish\",\"isPartOf\":{\"@id\":\"https:\/\/discoverpolish.eu\/#website\"},\"datePublished\":\"2025-03-25T13:04:49+00:00\",\"dateModified\":\"2025-03-25T17:53:48+00:00\",\"breadcrumb\":{\"@id\":\"https:\/\/discoverpolish.eu\/index.php\/formularz-dla-uczniow\/#breadcrumb\"},\"inLanguage\":\"pl-PL\",\"potentialAction\":[{\"@type\":\"ReadAction\",\"target\":[\"https:\/\/discoverpolish.eu\/index.php\/formularz-dla-uczniow\/\"]}]},{\"@type\":\"BreadcrumbList\",\"@id\":\"https:\/\/discoverpolish.eu\/index.php\/formularz-dla-uczniow\/#breadcrumb\",\"itemListElement\":[{\"@type\":\"ListItem\",\"position\":1,\"name\":\"Strona g\u0142\u00f3wna\",\"item\":\"https:\/\/discoverpolish.eu\/\"},{\"@type\":\"ListItem\",\"position\":2,\"name\":\"Formularz dla uczni\u00f3w\"}]},{\"@type\":\"WebSite\",\"@id\":\"https:\/\/discoverpolish.eu\/#website\",\"url\":\"https:\/\/discoverpolish.eu\/\",\"name\":\"DiscoverPolish\",\"description\":\"Mi\u0119dzynarodowy Instytut J\u0119zyka Polskiego i Edukacji Mi\u0119dzykulturowej\",\"publisher\":{\"@id\":\"https:\/\/discoverpolish.eu\/#organization\"},\"potentialAction\":[{\"@type\":\"SearchAction\",\"target\":{\"@type\":\"EntryPoint\",\"urlTemplate\":\"https:\/\/discoverpolish.eu\/?s={search_term_string}\"},\"query-input\":{\"@type\":\"PropertyValueSpecification\",\"valueRequired\":true,\"valueName\":\"search_term_string\"}}],\"inLanguage\":\"pl-PL\"},{\"@type\":\"Organization\",\"@id\":\"https:\/\/discoverpolish.eu\/#organization\",\"name\":\"DiscoverPolish\",\"url\":\"https:\/\/discoverpolish.eu\/\",\"logo\":{\"@type\":\"ImageObject\",\"inLanguage\":\"pl-PL\",\"@id\":\"https:\/\/discoverpolish.eu\/#\/schema\/logo\/image\/\",\"url\":\"https:\/\/discoverpolish.eu\/wp-content\/uploads\/2024\/07\/logo-discover.png\",\"contentUrl\":\"https:\/\/discoverpolish.eu\/wp-content\/uploads\/2024\/07\/logo-discover.png\",\"width\":600,\"height\":246,\"caption\":\"DiscoverPolish\"},\"image\":{\"@id\":\"https:\/\/discoverpolish.eu\/#\/schema\/logo\/image\/\"},\"sameAs\":[\"https:\/\/www.facebook.com\/profile.php?id=61562240943592\",\"https:\/\/x.com\/Discoverpolish\"]}]}<\/script>\n<!-- \/ Yoast SEO plugin. -->","yoast_head_json":{"title":"Formularz dla uczni\u00f3w - DiscoverPolish","robots":{"index":"index","follow":"follow","max-snippet":"max-snippet:-1","max-image-preview":"max-image-preview:large","max-video-preview":"max-video-preview:-1"},"canonical":"https:\/\/discoverpolish.eu\/index.php\/formularz-dla-uczniow\/","og_locale":"pl_PL","og_type":"article","og_title":"Formularz dla uczni\u00f3w - DiscoverPolish","og_description":"Formularz zg\u0142oszeniowy dla uczni\u00f3w i student\u00f3w Wy\u015blij zapytanie o kurs, wype\u0142nij formularz. Skontaktujemy si\u0119 ze szczeg\u00f3\u0142ami najszybciej jak mo\u017cemy. rodzaj kursu Podstawowe dane * Podstawowe dane First Name First Name Last Name Last Name Email * podaj numer telefonu Wybierz j\u0119zyk * angielski \ud83c\uddec\ud83c\udde7polski \ud83c\uddf5\ud83c\uddf1niemiecki \ud83c\udde9\ud83c\uddeaniderlandzki \ud83c\uddf3\ud83c\uddf1w\u0142oski \ud83c\uddee\ud83c\uddf9francuski \ud83c\uddeb\ud83c\uddf7arabskiczeski \ud83c\udde8\ud83c\uddffrosyjski Rodzaj kursu * dziennygodzinowy (stacjonarnie)godzinowy","og_url":"https:\/\/discoverpolish.eu\/index.php\/formularz-dla-uczniow\/","og_site_name":"DiscoverPolish","article_publisher":"https:\/\/www.facebook.com\/profile.php?id=61562240943592","article_modified_time":"2025-03-25T17:53:48+00:00","og_image":[{"width":800,"height":600,"url":"https:\/\/discoverpolish.eu\/wp-content\/uploads\/2024\/07\/o-nas-1.png","type":"image\/png"}],"twitter_card":"summary_large_image","twitter_site":"@Discoverpolish","twitter_misc":{"Szacowany czas czytania":"1 minuta"},"schema":{"@context":"https:\/\/schema.org","@graph":[{"@type":"WebPage","@id":"https:\/\/discoverpolish.eu\/index.php\/formularz-dla-uczniow\/","url":"https:\/\/discoverpolish.eu\/index.php\/formularz-dla-uczniow\/","name":"Formularz dla uczni\u00f3w - DiscoverPolish","isPartOf":{"@id":"https:\/\/discoverpolish.eu\/#website"},"datePublished":"2025-03-25T13:04:49+00:00","dateModified":"2025-03-25T17:53:48+00:00","breadcrumb":{"@id":"https:\/\/discoverpolish.eu\/index.php\/formularz-dla-uczniow\/#breadcrumb"},"inLanguage":"pl-PL","potentialAction":[{"@type":"ReadAction","target":["https:\/\/discoverpolish.eu\/index.php\/formularz-dla-uczniow\/"]}]},{"@type":"BreadcrumbList","@id":"https:\/\/discoverpolish.eu\/index.php\/formularz-dla-uczniow\/#breadcrumb","itemListElement":[{"@type":"ListItem","position":1,"name":"Strona g\u0142\u00f3wna","item":"https:\/\/discoverpolish.eu\/"},{"@type":"ListItem","position":2,"name":"Formularz dla uczni\u00f3w"}]},{"@type":"WebSite","@id":"https:\/\/discoverpolish.eu\/#website","url":"https:\/\/discoverpolish.eu\/","name":"DiscoverPolish","description":"Mi\u0119dzynarodowy Instytut J\u0119zyka Polskiego i Edukacji Mi\u0119dzykulturowej","publisher":{"@id":"https:\/\/discoverpolish.eu\/#organization"},"potentialAction":[{"@type":"SearchAction","target":{"@type":"EntryPoint","urlTemplate":"https:\/\/discoverpolish.eu\/?s={search_term_string}"},"query-input":{"@type":"PropertyValueSpecification","valueRequired":true,"valueName":"search_term_string"}}],"inLanguage":"pl-PL"},{"@type":"Organization","@id":"https:\/\/discoverpolish.eu\/#organization","name":"DiscoverPolish","url":"https:\/\/discoverpolish.eu\/","logo":{"@type":"ImageObject","inLanguage":"pl-PL","@id":"https:\/\/discoverpolish.eu\/#\/schema\/logo\/image\/","url":"https:\/\/discoverpolish.eu\/wp-content\/uploads\/2024\/07\/logo-discover.png","contentUrl":"https:\/\/discoverpolish.eu\/wp-content\/uploads\/2024\/07\/logo-discover.png","width":600,"height":246,"caption":"DiscoverPolish"},"image":{"@id":"https:\/\/discoverpolish.eu\/#\/schema\/logo\/image\/"},"sameAs":["https:\/\/www.facebook.com\/profile.php?id=61562240943592","https:\/\/x.com\/Discoverpolish"]}]}},"_links":{"self":[{"href":"https:\/\/discoverpolish.eu\/index.php\/wp-json\/wp\/v2\/pages\/752"}],"collection":[{"href":"https:\/\/discoverpolish.eu\/index.php\/wp-json\/wp\/v2\/pages"}],"about":[{"href":"https:\/\/discoverpolish.eu\/index.php\/wp-json\/wp\/v2\/types\/page"}],"author":[{"embeddable":true,"href":"https:\/\/discoverpolish.eu\/index.php\/wp-json\/wp\/v2\/users\/1"}],"replies":[{"embeddable":true,"href":"https:\/\/discoverpolish.eu\/index.php\/wp-json\/wp\/v2\/comments?post=752"}],"version-history":[{"count":16,"href":"https:\/\/discoverpolish.eu\/index.php\/wp-json\/wp\/v2\/pages\/752\/revisions"}],"predecessor-version":[{"id":800,"href":"https:\/\/discoverpolish.eu\/index.php\/wp-json\/wp\/v2\/pages\/752\/revisions\/800"}],"wp:attachment":[{"href":"https:\/\/discoverpolish.eu\/index.php\/wp-json\/wp\/v2\/media?parent=752"}],"curies":[{"name":"wp","href":"https:\/\/api.w.org\/{rel}","templated":true}]}}